{"id":8312,"date":"2021-01-15T12:30:28","date_gmt":"2021-01-15T09:30:28","guid":{"rendered":"https:\/\/eksenaritma.com.tr\/en\/?post_type=product&#038;p=8312"},"modified":"2021-01-20T12:28:22","modified_gmt":"2021-01-20T09:28:22","slug":"500-500-chamber-plakalar","status":"publish","type":"product","link":"https:\/\/eksenaritma.com.tr\/en\/urun\/500-500-chamber-plakalar\/","title":{"rendered":"500*500"},"content":{"rendered":"<section class=\"l-section wpb_row us_custom_fab4abd9 height_auto\"><div class=\"l-section-h i-cf\"><div class=\"g-cols vc_row via_flex valign_top type_default stacking_default\"><div class=\"vc_col-sm-12 wpb_column vc_column_container\"><div class=\"vc_column-inner us_custom_dfddb007\"><div class=\"wpb_wrapper\"><div class=\"wpb_text_column us_custom_dfddb007\"><div class=\"wpb_wrapper\">\n    <div class='imgover'>\n    <div class='container'>\n    <style>\n        \/*[class^=\"icovrm-\"], [class*=\" icovrm-\"]  {*\/\n        [class^=\"icovrm-\"], [class*=\" icovrm-\"] {\n            color:#309aa6;\n        }\n    <\/style>\n    <i id='s2F' class='icovrm-img icon-ion-android-locate' ><\/i>\n    <i id='s2R' class='icovrm-img icon-ion-loop' ><\/i>\n    &nbsp;\n    <i id='s2Zu' class='icovrm-img icon-ion-arrow-up-b' ><\/i>\n    <i id='s2Zd' class='icovrm-img icon-ion-arrow-down-b' ><\/i>\n    &nbsp;\n    &nbsp;\n    <i id='s2FS' class='icovrm-img icon-ion-android-expand' ><\/i>\n    <!-- i id='s2FS' class='icovrm-img icon-ion-android-contract' ><\/i -->\n    <!-- i id='icovrm icon-refresh' 'icovrm icon-ion-desktop'><\/i -->\n    <div id='s2Spin'>\n        <img class='imgpreloader' src='https:\/\/eksenaritma.com.tr\/en\/wp-content\/plugins\/vrm360\/drag2spin.svg'>\n        <img class='imgpreloader' src='https:\/\/eksenaritma.com.tr\/en\/wp-content\/plugins\/vrm360\/ajax-loader.svg'\/>\n        <!-- changed svg viewBoxinside the svgs -->\n    <\/div>\n    <div id='s2S' class='s2' style='cursor:pointer;border: #D9D9D9; border-style:solid; border-width:1px; background-color: #ffffff'>\n    <\/div>\n    <\/div>\n    <\/div>\n    <script>\n    var autostart = true, backgcolor = '#ffffff', canvas_name = 's2';\n    var lightcolor = '#FFFFFF', light_intensity = 0.9, amb_lightcolor = '#9D9D9D', amb_light_intensity = 0.9;\n    var canvas_nameR = 's2R', canvas_nameFS = 's2FS', canvas_nameF = 's2F';\n    var canvas_nameS = 's2S', canvas_nameSpin = 's2Spin', canvas_nameM = 's2M';\n    var canvas_nameZu = 's2Zu', canvas_nameZd = 's2Zd', hide_cmds = 'with';\n    var model_url = 'https:\/\/eksenaritma.com.tr\/en\/wp-content\/uploads\/2021\/01\/EKS-C-500-55-32-16.fbx', aspect_ratio = '1.3333', initial_offset = '1.60', speed = '1.5';\n    var touchtime = 0, info_text = '', info_link = '', ground= false, ground_offset = 0.0;\n    var rx = 0.0, ry = 0.0, rz = 0.0, grid= false, back_image_url = '';\n    var lx = 2.0, ly = 2.0, lz = 10.0, isOnMobile = 'false';\n    var mesh_color = '#FF5533', ground_color = '#999999', debug_vrm = 'false';\n    <\/script>\n    <script src='https:\/\/eksenaritma.com.tr\/en\/wp-content\/plugins\/vrm360\/js\/main.js'\/><\/script>\n    \n<\/div><\/div><div class=\"w-grid type_grid layout_8371 cols_6 popup_page\" id=\"us_grid_1\"><style>#us_grid_1 .w-grid-item{padding:1px}#us_grid_1 .w-grid-list{margin:-1px}.w-grid + #us_grid_1 .w-grid-list,.w-grid-none + #us_grid_1 .w-grid-list{margin-top:1px}@media (max-width:1199px){#us_grid_1 .w-grid-item{width:33.3333%}}@media (max-width:899px){#us_grid_1 .w-grid-item{width:50%}}@media (max-width:599px){#us_grid_1 .w-grid-list{margin:0}#us_grid_1 .w-grid-item{width:100%;padding:0;margin-bottom:1px}}.layout_8371 .w-grid-item-h{box-shadow:0 0.02rem 0.04rem rgba(0,0,0,0.1),0 0.07rem 0.2rem rgba(0,0,0,0.1);transition-duration:0.3s}.layout_8371 .usg_post_image_1{padding-top:-15px!important;padding-bottom:-15px!important;border:1px solid #e8e8e8!important}<\/style><div class=\"w-grid-list\">\t<article class=\"w-grid-item size_1x1 post-8374 us_portfolio type-us_portfolio status-publish has-post-thumbnail hentry us_portfolio_category-urunlerimiz\" data-id=\"8374\">\r\n\t\t<div class=\"w-grid-item-h\">\r\n\t\t\t\t\t\t\t<a class=\"w-grid-item-anchor\" href=\"https:\/\/eksenaritma.com.tr\/en\/portfolio\/eks-c-500-55-32-16\/\" rel=\"bookmark\" aria-label=\"EKS C-500-55-32-16\"><\/a>\r\n\t\t\t\t\t\t<div class=\"w-post-elm post_image usg_post_image_1 stretched\"><img width=\"1000\" height=\"1200\" src=\"https:\/\/eksenaritma.com.tr\/en\/wp-content\/uploads\/2021\/01\/eks-c-500-55-32-16.jpg\" class=\"attachment-full size-full wp-post-image\" alt=\"\" decoding=\"async\" loading=\"lazy\" srcset=\"https:\/\/eksenaritma.com.tr\/en\/wp-content\/uploads\/2021\/01\/eks-c-500-55-32-16.jpg 1000w, https:\/\/eksenaritma.com.tr\/en\/wp-content\/uploads\/2021\/01\/eks-c-500-55-32-16-250x300.jpg 250w, https:\/\/eksenaritma.com.tr\/en\/wp-content\/uploads\/2021\/01\/eks-c-500-55-32-16-853x1024.jpg 853w, https:\/\/eksenaritma.com.tr\/en\/wp-content\/uploads\/2021\/01\/eks-c-500-55-32-16-600x720.jpg 600w\" sizes=\"(max-width: 1000px) 100vw, 1000px\" \/><\/div>\t\t<\/div>\r\n\t<\/article>\r\n\t<article class=\"w-grid-item size_1x1 post-8380 us_portfolio type-us_portfolio status-publish has-post-thumbnail hentry us_portfolio_category-urunlerimiz\" data-id=\"8380\">\r\n\t\t<div class=\"w-grid-item-h\">\r\n\t\t\t\t\t\t\t<a class=\"w-grid-item-anchor\" href=\"https:\/\/eksenaritma.com.tr\/en\/portfolio\/eks-ccd-500-55-32-16\/\" rel=\"bookmark\" aria-label=\"EKS CCD-500-55-32-16\"><\/a>\r\n\t\t\t\t\t\t<div class=\"w-post-elm post_image usg_post_image_1 stretched\"><img width=\"1000\" height=\"1200\" src=\"https:\/\/eksenaritma.com.tr\/en\/wp-content\/uploads\/2021\/01\/eks-ccd-500-55-32-16.jpg\" class=\"attachment-full size-full wp-post-image\" alt=\"\" decoding=\"async\" loading=\"lazy\" srcset=\"https:\/\/eksenaritma.com.tr\/en\/wp-content\/uploads\/2021\/01\/eks-ccd-500-55-32-16.jpg 1000w, https:\/\/eksenaritma.com.tr\/en\/wp-content\/uploads\/2021\/01\/eks-ccd-500-55-32-16-250x300.jpg 250w, https:\/\/eksenaritma.com.tr\/en\/wp-content\/uploads\/2021\/01\/eks-ccd-500-55-32-16-853x1024.jpg 853w, https:\/\/eksenaritma.com.tr\/en\/wp-content\/uploads\/2021\/01\/eks-ccd-500-55-32-16-600x720.jpg 600w\" sizes=\"(max-width: 1000px) 100vw, 1000px\" \/><\/div>\t\t<\/div>\r\n\t<\/article>\r\n\t<article class=\"w-grid-item size_1x1 post-8382 us_portfolio type-us_portfolio status-publish has-post-thumbnail hentry us_portfolio_category-urunlerimiz\" data-id=\"8382\">\r\n\t\t<div class=\"w-grid-item-h\">\r\n\t\t\t\t\t\t\t<a class=\"w-grid-item-anchor\" href=\"https:\/\/eksenaritma.com.tr\/en\/portfolio\/500-acik-bas\/\" rel=\"bookmark\" aria-label=\"500 A\u00e7\u0131k Ba\u015f\"><\/a>\r\n\t\t\t\t\t\t<div class=\"w-post-elm post_image usg_post_image_1 stretched\"><img width=\"1000\" height=\"1200\" src=\"https:\/\/eksenaritma.com.tr\/en\/wp-content\/uploads\/2021\/01\/500-acik-bas.jpg\" class=\"attachment-full size-full wp-post-image\" alt=\"\" decoding=\"async\" loading=\"lazy\" srcset=\"https:\/\/eksenaritma.com.tr\/en\/wp-content\/uploads\/2021\/01\/500-acik-bas.jpg 1000w, https:\/\/eksenaritma.com.tr\/en\/wp-content\/uploads\/2021\/01\/500-acik-bas-250x300.jpg 250w, https:\/\/eksenaritma.com.tr\/en\/wp-content\/uploads\/2021\/01\/500-acik-bas-853x1024.jpg 853w, https:\/\/eksenaritma.com.tr\/en\/wp-content\/uploads\/2021\/01\/500-acik-bas-600x720.jpg 600w\" sizes=\"(max-width: 1000px) 100vw, 1000px\" \/><\/div>\t\t<\/div>\r\n\t<\/article>\r\n\t<article class=\"w-grid-item size_1x1 post-8385 us_portfolio type-us_portfolio status-publish has-post-thumbnail hentry us_portfolio_category-urunlerimiz\" data-id=\"8385\">\r\n\t\t<div class=\"w-grid-item-h\">\r\n\t\t\t\t\t\t\t<a class=\"w-grid-item-anchor\" href=\"https:\/\/eksenaritma.com.tr\/en\/portfolio\/500-acik-son\/\" rel=\"bookmark\" aria-label=\"500 A\u00e7\u0131k Son\"><\/a>\r\n\t\t\t\t\t\t<div class=\"w-post-elm post_image usg_post_image_1 stretched\"><img width=\"1000\" height=\"1200\" src=\"https:\/\/eksenaritma.com.tr\/en\/wp-content\/uploads\/2021\/01\/500-acik-son.jpg\" class=\"attachment-full size-full wp-post-image\" alt=\"\" decoding=\"async\" loading=\"lazy\" srcset=\"https:\/\/eksenaritma.com.tr\/en\/wp-content\/uploads\/2021\/01\/500-acik-son.jpg 1000w, https:\/\/eksenaritma.com.tr\/en\/wp-content\/uploads\/2021\/01\/500-acik-son-250x300.jpg 250w, https:\/\/eksenaritma.com.tr\/en\/wp-content\/uploads\/2021\/01\/500-acik-son-853x1024.jpg 853w, https:\/\/eksenaritma.com.tr\/en\/wp-content\/uploads\/2021\/01\/500-acik-son-600x720.jpg 600w\" sizes=\"(max-width: 1000px) 100vw, 1000px\" \/><\/div>\t\t<\/div>\r\n\t<\/article>\r\n\t<article class=\"w-grid-item size_1x1 post-8388 us_portfolio type-us_portfolio status-publish has-post-thumbnail hentry us_portfolio_category-urunlerimiz\" data-id=\"8388\">\r\n\t\t<div class=\"w-grid-item-h\">\r\n\t\t\t\t\t\t\t<a class=\"w-grid-item-anchor\" href=\"https:\/\/eksenaritma.com.tr\/en\/portfolio\/500-kapali-bas\/\" rel=\"bookmark\" aria-label=\"500 Kapal\u0131 Ba\u015f\"><\/a>\r\n\t\t\t\t\t\t<div class=\"w-post-elm post_image usg_post_image_1 stretched\"><img width=\"1000\" height=\"1200\" src=\"https:\/\/eksenaritma.com.tr\/en\/wp-content\/uploads\/2021\/01\/500-kapali-bas.jpg\" class=\"attachment-full size-full wp-post-image\" alt=\"\" decoding=\"async\" loading=\"lazy\" srcset=\"https:\/\/eksenaritma.com.tr\/en\/wp-content\/uploads\/2021\/01\/500-kapali-bas.jpg 1000w, https:\/\/eksenaritma.com.tr\/en\/wp-content\/uploads\/2021\/01\/500-kapali-bas-250x300.jpg 250w, https:\/\/eksenaritma.com.tr\/en\/wp-content\/uploads\/2021\/01\/500-kapali-bas-853x1024.jpg 853w, https:\/\/eksenaritma.com.tr\/en\/wp-content\/uploads\/2021\/01\/500-kapali-bas-600x720.jpg 600w\" sizes=\"(max-width: 1000px) 100vw, 1000px\" \/><\/div>\t\t<\/div>\r\n\t<\/article>\r\n\t<article class=\"w-grid-item size_1x1 post-8391 us_portfolio type-us_portfolio status-publish has-post-thumbnail hentry us_portfolio_category-urunlerimiz\" data-id=\"8391\">\r\n\t\t<div class=\"w-grid-item-h\">\r\n\t\t\t\t\t\t\t<a class=\"w-grid-item-anchor\" href=\"https:\/\/eksenaritma.com.tr\/en\/portfolio\/500-kapali-son\/\" rel=\"bookmark\" aria-label=\"500 Kapal\u0131 Son\"><\/a>\r\n\t\t\t\t\t\t<div class=\"w-post-elm post_image usg_post_image_1 stretched\"><img width=\"1000\" height=\"1200\" src=\"https:\/\/eksenaritma.com.tr\/en\/wp-content\/uploads\/2021\/01\/500-kapali-son.jpg\" class=\"attachment-full size-full wp-post-image\" alt=\"\" decoding=\"async\" loading=\"lazy\" srcset=\"https:\/\/eksenaritma.com.tr\/en\/wp-content\/uploads\/2021\/01\/500-kapali-son.jpg 1000w, https:\/\/eksenaritma.com.tr\/en\/wp-content\/uploads\/2021\/01\/500-kapali-son-250x300.jpg 250w, https:\/\/eksenaritma.com.tr\/en\/wp-content\/uploads\/2021\/01\/500-kapali-son-853x1024.jpg 853w, https:\/\/eksenaritma.com.tr\/en\/wp-content\/uploads\/2021\/01\/500-kapali-son-600x720.jpg 600w\" sizes=\"(max-width: 1000px) 100vw, 1000px\" \/><\/div>\t\t<\/div>\r\n\t<\/article>\r\n<\/div><div class=\"w-grid-preloader\"><div class=\"g-preloader type_3\">\r\n\t<div><\/div>\r\n<\/div>\r\n<\/div>\t<div class=\"w-grid-json hidden\" onclick='return {&quot;action&quot;:&quot;us_ajax_grid&quot;,&quot;ajax_url&quot;:&quot;https:\\\/\\\/eksenaritma.com.tr\\\/en\\\/wp-admin\\\/admin-ajax.php&quot;,&quot;infinite_scroll&quot;:0,&quot;max_num_pages&quot;:1,&quot;pagination&quot;:&quot;none&quot;,&quot;permalink_url&quot;:&quot;https:\\\/\\\/eksenaritma.com.tr\\\/en\\\/wp-json\\\/wp\\\/v2\\\/product\\\/8312&quot;,&quot;template_vars&quot;:{&quot;columns&quot;:&quot;6&quot;,&quot;exclude_items&quot;:&quot;none&quot;,&quot;img_size&quot;:&quot;default&quot;,&quot;ignore_items_size&quot;:0,&quot;items_layout&quot;:&quot;8371&quot;,&quot;items_offset&quot;:&quot;1&quot;,&quot;load_animation&quot;:&quot;none&quot;,&quot;overriding_link&quot;:&quot;popup_post&quot;,&quot;post_id&quot;:8312,&quot;query_args&quot;:{&quot;ignore_sticky_posts&quot;:1,&quot;post_type&quot;:&quot;any&quot;,&quot;post__in&quot;:[&quot;8374&quot;,&quot;8380&quot;,&quot;8382&quot;,&quot;8385&quot;,&quot;8388&quot;,&quot;8391&quot;],&quot;tax_query&quot;:[{&quot;taxonomy&quot;:&quot;product_visibility&quot;,&quot;field&quot;:&quot;slug&quot;,&quot;terms&quot;:[&quot;exclude-from-catalog&quot;],&quot;operator&quot;:&quot;NOT IN&quot;}],&quot;posts_per_page&quot;:999},&quot;orderby_query_args&quot;:{&quot;orderby&quot;:{&quot;date&quot;:&quot;ASC&quot;}},&quot;type&quot;:&quot;grid&quot;,&quot;us_grid_ajax_index&quot;:1,&quot;us_grid_filter_params&quot;:null,&quot;us_grid_index&quot;:1,&quot;_us_grid_post_type&quot;:&quot;ids&quot;}}'><\/div>\r\n\t\t<div class=\"l-popup\">\r\n\t\t<div class=\"l-popup-overlay\"><\/div>\r\n\t\t<div class=\"l-popup-wrap\">\r\n\t\t\t<div class=\"l-popup-box\">\r\n\t\t\t\t<div class=\"l-popup-box-content\" style=\"max-width:800px;\">\r\n\t\t\t\t\t<div class=\"g-preloader type_3\">\r\n\t\t\t\t\t\t<div><\/div>\r\n\t\t\t\t\t<\/div>\r\n\t\t\t\t\t<iframe class=\"l-popup-box-content-frame\" allowfullscreen><\/iframe>\r\n\t\t\t\t<\/div>\r\n\t\t\t<\/div>\r\n\t\t\t\t\t\t\t<div class=\"l-popup-arrow to_next\" title=\"Next\"><\/div>\r\n\t\t\t\t<div class=\"l-popup-arrow to_prev\" title=\"Previous\"><\/div>\r\n\t\t\t\t\t\t<div class=\"l-popup-closer\"><\/div>\r\n\t\t<\/div>\r\n\t<\/div>\r\n\t<\/div><\/div><\/div><\/div><\/div><\/div><\/section>\n","protected":false},"excerpt":{"rendered":"&nbsp; &nbsp; &nbsp;","protected":false},"featured_media":8313,"comment_status":"closed","ping_status":"closed","template":"","meta":{"_mi_skip_tracking":false},"product_cat":[42,36],"product_tag":[],"yoast_head":"<!-- This site is optimized with the Yoast SEO plugin v19.13 - https:\/\/yoast.com\/wordpress\/plugins\/seo\/ -->\n<title>500*500 | Eksen Ar\u0131tma<\/title>\n<meta name=\"robots\" content=\"index, follow, max-snippet:-1, max-image-preview:large, max-video-preview:-1\" \/>\n<link rel=\"canonical\" href=\"https:\/\/eksenaritma.com.tr\/en\/urun\/500-500-chamber-plakalar\/\" \/>\n<meta property=\"og:locale\" content=\"en_US\" \/>\n<meta property=\"og:type\" content=\"article\" \/>\n<meta property=\"og:title\" content=\"500*500 | Eksen Ar\u0131tma\" \/>\n<meta property=\"og:url\" content=\"https:\/\/eksenaritma.com.tr\/en\/urun\/500-500-chamber-plakalar\/\" \/>\n<meta property=\"og:site_name\" content=\"Eksen Ar\u0131tma\" \/>\n<meta property=\"article:modified_time\" content=\"2021-01-20T09:28:22+00:00\" \/>\n<meta property=\"og:image\" content=\"https:\/\/eksenaritma.com.tr\/en\/wp-content\/uploads\/2021\/01\/eks-c-500-55-32-16.jpg\" \/>\n\t<meta property=\"og:image:width\" content=\"1000\" \/>\n\t<meta property=\"og:image:height\" content=\"1200\" \/>\n\t<meta property=\"og:image:type\" content=\"image\/jpeg\" \/>\n<meta name=\"twitter:card\" content=\"summary_large_image\" \/>\n<meta name=\"twitter:label1\" content=\"Est. reading time\" \/>\n\t<meta name=\"twitter:data1\" content=\"1 minute\" \/>\n<script type=\"application\/ld+json\" class=\"yoast-schema-graph\">{\"@context\":\"https:\/\/schema.org\",\"@graph\":[{\"@type\":\"WebPage\",\"@id\":\"https:\/\/eksenaritma.com.tr\/en\/urun\/500-500-chamber-plakalar\/\",\"url\":\"https:\/\/eksenaritma.com.tr\/en\/urun\/500-500-chamber-plakalar\/\",\"name\":\"500*500 | Eksen Ar\u0131tma\",\"isPartOf\":{\"@id\":\"https:\/\/eksenaritma.com.tr\/en\/#website\"},\"datePublished\":\"2021-01-15T09:30:28+00:00\",\"dateModified\":\"2021-01-20T09:28:22+00:00\",\"breadcrumb\":{\"@id\":\"https:\/\/eksenaritma.com.tr\/en\/urun\/500-500-chamber-plakalar\/#breadcrumb\"},\"inLanguage\":\"en-US\",\"potentialAction\":[{\"@type\":\"ReadAction\",\"target\":[\"https:\/\/eksenaritma.com.tr\/en\/urun\/500-500-chamber-plakalar\/\"]}]},{\"@type\":\"BreadcrumbList\",\"@id\":\"https:\/\/eksenaritma.com.tr\/en\/urun\/500-500-chamber-plakalar\/#breadcrumb\",\"itemListElement\":[{\"@type\":\"ListItem\",\"position\":1,\"name\":\"Anasayfa\",\"item\":\"https:\/\/eksenaritma.com.tr\/en\/\"},{\"@type\":\"ListItem\",\"position\":2,\"name\":\"Products\",\"item\":\"https:\/\/eksenaritma.com.tr\/en\/shop\/\"},{\"@type\":\"ListItem\",\"position\":3,\"name\":\"500*500\"}]},{\"@type\":\"WebSite\",\"@id\":\"https:\/\/eksenaritma.com.tr\/en\/#website\",\"url\":\"https:\/\/eksenaritma.com.tr\/en\/\",\"name\":\"Eksen Ar\u0131tma\",\"description\":\"\",\"publisher\":{\"@id\":\"https:\/\/eksenaritma.com.tr\/en\/#organization\"},\"potentialAction\":[{\"@type\":\"SearchAction\",\"target\":{\"@type\":\"EntryPoint\",\"urlTemplate\":\"https:\/\/eksenaritma.com.tr\/en\/?s={search_term_string}\"},\"query-input\":\"required name=search_term_string\"}],\"inLanguage\":\"en-US\"},{\"@type\":\"Organization\",\"@id\":\"https:\/\/eksenaritma.com.tr\/en\/#organization\",\"name\":\"Eksen Ar\u0131tma\",\"url\":\"https:\/\/eksenaritma.com.tr\/en\/\",\"logo\":{\"@type\":\"ImageObject\",\"inLanguage\":\"en-US\",\"@id\":\"https:\/\/eksenaritma.com.tr\/en\/#\/schema\/logo\/image\/\",\"url\":\"https:\/\/eksenaritma.com.tr\/en\/wp-content\/uploads\/2017\/07\/eksen-plastik-logo.png\",\"contentUrl\":\"https:\/\/eksenaritma.com.tr\/en\/wp-content\/uploads\/2017\/07\/eksen-plastik-logo.png\",\"width\":426,\"height\":145,\"caption\":\"Eksen Ar\u0131tma\"},\"image\":{\"@id\":\"https:\/\/eksenaritma.com.tr\/en\/#\/schema\/logo\/image\/\"}}]}<\/script>\n<!-- \/ Yoast SEO plugin. -->","yoast_head_json":{"title":"500*500 | Eksen Ar\u0131tma","robots":{"index":"index","follow":"follow","max-snippet":"max-snippet:-1","max-image-preview":"max-image-preview:large","max-video-preview":"max-video-preview:-1"},"canonical":"https:\/\/eksenaritma.com.tr\/en\/urun\/500-500-chamber-plakalar\/","og_locale":"en_US","og_type":"article","og_title":"500*500 | Eksen Ar\u0131tma","og_url":"https:\/\/eksenaritma.com.tr\/en\/urun\/500-500-chamber-plakalar\/","og_site_name":"Eksen Ar\u0131tma","article_modified_time":"2021-01-20T09:28:22+00:00","og_image":[{"width":1000,"height":1200,"url":"https:\/\/eksenaritma.com.tr\/en\/wp-content\/uploads\/2021\/01\/eks-c-500-55-32-16.jpg","type":"image\/jpeg"}],"twitter_card":"summary_large_image","twitter_misc":{"Est. reading time":"1 minute"},"schema":{"@context":"https:\/\/schema.org","@graph":[{"@type":"WebPage","@id":"https:\/\/eksenaritma.com.tr\/en\/urun\/500-500-chamber-plakalar\/","url":"https:\/\/eksenaritma.com.tr\/en\/urun\/500-500-chamber-plakalar\/","name":"500*500 | Eksen Ar\u0131tma","isPartOf":{"@id":"https:\/\/eksenaritma.com.tr\/en\/#website"},"datePublished":"2021-01-15T09:30:28+00:00","dateModified":"2021-01-20T09:28:22+00:00","breadcrumb":{"@id":"https:\/\/eksenaritma.com.tr\/en\/urun\/500-500-chamber-plakalar\/#breadcrumb"},"inLanguage":"en-US","potentialAction":[{"@type":"ReadAction","target":["https:\/\/eksenaritma.com.tr\/en\/urun\/500-500-chamber-plakalar\/"]}]},{"@type":"BreadcrumbList","@id":"https:\/\/eksenaritma.com.tr\/en\/urun\/500-500-chamber-plakalar\/#breadcrumb","itemListElement":[{"@type":"ListItem","position":1,"name":"Anasayfa","item":"https:\/\/eksenaritma.com.tr\/en\/"},{"@type":"ListItem","position":2,"name":"Products","item":"https:\/\/eksenaritma.com.tr\/en\/shop\/"},{"@type":"ListItem","position":3,"name":"500*500"}]},{"@type":"WebSite","@id":"https:\/\/eksenaritma.com.tr\/en\/#website","url":"https:\/\/eksenaritma.com.tr\/en\/","name":"Eksen Ar\u0131tma","description":"","publisher":{"@id":"https:\/\/eksenaritma.com.tr\/en\/#organization"},"potentialAction":[{"@type":"SearchAction","target":{"@type":"EntryPoint","urlTemplate":"https:\/\/eksenaritma.com.tr\/en\/?s={search_term_string}"},"query-input":"required name=search_term_string"}],"inLanguage":"en-US"},{"@type":"Organization","@id":"https:\/\/eksenaritma.com.tr\/en\/#organization","name":"Eksen Ar\u0131tma","url":"https:\/\/eksenaritma.com.tr\/en\/","logo":{"@type":"ImageObject","inLanguage":"en-US","@id":"https:\/\/eksenaritma.com.tr\/en\/#\/schema\/logo\/image\/","url":"https:\/\/eksenaritma.com.tr\/en\/wp-content\/uploads\/2017\/07\/eksen-plastik-logo.png","contentUrl":"https:\/\/eksenaritma.com.tr\/en\/wp-content\/uploads\/2017\/07\/eksen-plastik-logo.png","width":426,"height":145,"caption":"Eksen Ar\u0131tma"},"image":{"@id":"https:\/\/eksenaritma.com.tr\/en\/#\/schema\/logo\/image\/"}}]}},"_links":{"self":[{"href":"https:\/\/eksenaritma.com.tr\/en\/wp-json\/wp\/v2\/product\/8312"}],"collection":[{"href":"https:\/\/eksenaritma.com.tr\/en\/wp-json\/wp\/v2\/product"}],"about":[{"href":"https:\/\/eksenaritma.com.tr\/en\/wp-json\/wp\/v2\/types\/product"}],"replies":[{"embeddable":true,"href":"https:\/\/eksenaritma.com.tr\/en\/wp-json\/wp\/v2\/comments?post=8312"}],"wp:featuredmedia":[{"embeddable":true,"href":"https:\/\/eksenaritma.com.tr\/en\/wp-json\/wp\/v2\/media\/8313"}],"wp:attachment":[{"href":"https:\/\/eksenaritma.com.tr\/en\/wp-json\/wp\/v2\/media?parent=8312"}],"wp:term":[{"taxonomy":"product_cat","embeddable":true,"href":"https:\/\/eksenaritma.com.tr\/en\/wp-json\/wp\/v2\/product_cat?post=8312"},{"taxonomy":"product_tag","embeddable":true,"href":"https:\/\/eksenaritma.com.tr\/en\/wp-json\/wp\/v2\/product_tag?post=8312"}],"curies":[{"name":"wp","href":"https:\/\/api.w.org\/{rel}","templated":true}]}}